{"id":278,"date":"2016-07-19T09:31:50","date_gmt":"2016-07-19T09:31:50","guid":{"rendered":"http:\/\/wedesignthemes.com\/dummy-veda\/taxi\/?page_id=278"},"modified":"2018-04-05T11:53:59","modified_gmt":"2018-04-05T09:53:59","slug":"team-building","status":"publish","type":"page","link":"https:\/\/istra-kart.com\/it\/team-building\/","title":{"rendered":"Team Building"},"content":{"rendered":"<p>[vc_row full_width=&#8221;stretch_row_content_no_spaces&#8221; content_placement=&#8221;middle&#8221; text_color=&#8221;#ffffff&#8221;][vc_column][vc_column_text css=&#8221;.vc_custom_1488119097246{margin-bottom: 0px !important;}&#8221;]\n\t\t\t<!-- START AllActivities REVOLUTION SLIDER 6.4.11 --><p class=\"rs-p-wp-fix\"><\/p>\n\t\t\t<rs-module-wrap id=\"rev_slider_5_1_wrapper\" data-source=\"gallery\" style=\"background:#000000;padding:0;margin:0px auto;margin-top:0;margin-bottom:0;\">\n\t\t\t\t<rs-module id=\"rev_slider_5_1\" style=\"\" data-version=\"6.4.11\">\n\t\t\t\t\t<rs-slides>\n\t\t\t\t\t\t<rs-slide data-key=\"rs-13\" data-title=\"Discover\" data-thumb=\"\/\/istra-kart.com\/it\/wp-content\/uploads\/2025\/03\/utrka-100x50.jpg\" data-anim=\"ms:1500;\" data-in=\"o:0;x:(100%);\" data-out=\"a:false;\">\n\t\t\t\t\t\t\t<img src=\"\/\/istra-kart.com\/it\/wp-content\/uploads\/2025\/03\/utrka.jpg\" title=\"utrka\" width=\"960\" height=\"960\" class=\"rev-slidebg tp-rs-img\" data-bg=\"p:center bottom;\" data-no-retina>\n<!---->\t\t\t\t\t\t<\/rs-slide>\n\t\t\t\t\t\t<rs-slide data-key=\"rs-19\" data-title=\"Discover\" data-thumb=\"\/\/istra-kart.com\/it\/wp-content\/uploads\/2017\/03\/Box-utrka-100x50.jpg\" data-anim=\"ms:1500;\" data-in=\"x:(100%);\" data-out=\"a:false;\">\n\t\t\t\t\t\t\t<img src=\"\/\/istra-kart.com\/it\/wp-content\/uploads\/2017\/03\/Box-utrka.jpg\" title=\"Team Building\" class=\"rev-slidebg tp-rs-img\" data-bg=\"p:center bottom;\" data-no-retina>\n<!---->\t\t\t\t\t\t<\/rs-slide>\n\t\t\t\t\t\t<rs-slide data-key=\"rs-16\" data-title=\"Discover\" data-thumb=\"\/\/istra-kart.com\/it\/wp-content\/uploads\/2017\/02\/05-100x50.jpg\" data-anim=\"ms:1500;\" data-in=\"x:(100%);\" data-out=\"a:false;\">\n\t\t\t\t\t\t\t<img src=\"\/\/istra-kart.com\/it\/wp-content\/uploads\/2017\/02\/05.jpg\" title=\"Team Building\" class=\"rev-slidebg tp-rs-img\" data-bg=\"p:center bottom;\" data-no-retina>\n<!---->\t\t\t\t\t\t<\/rs-slide>\n\t\t\t\t\t\t<rs-slide data-key=\"rs-20\" data-title=\"Discover\" data-thumb=\"\/\/istra-kart.com\/it\/wp-content\/uploads\/2017\/03\/DSC02096-100x50.jpg\" data-anim=\"ms:1500;\" data-in=\"x:(100%);\" data-out=\"a:false;\">\n\t\t\t\t\t\t\t<img src=\"\/\/istra-kart.com\/it\/wp-content\/uploads\/2017\/03\/DSC02096.jpg\" title=\"Team Building\" class=\"rev-slidebg tp-rs-img\" data-bg=\"p:center bottom;\" data-no-retina>\n<!---->\t\t\t\t\t\t<\/rs-slide>\n\t\t\t\t\t\t<rs-slide data-key=\"rs-18\" data-title=\"Discover\" data-thumb=\"\/\/istra-kart.com\/it\/wp-content\/uploads\/2024\/04\/raceee-100x50.jpg\" data-anim=\"ms:1500;\" data-in=\"x:(100%);\" data-out=\"a:false;\">\n\t\t\t\t\t\t\t<img src=\"\/\/istra-kart.com\/it\/wp-content\/uploads\/2024\/04\/raceee.jpg\" title=\"raceee\" width=\"1920\" height=\"680\" class=\"rev-slidebg tp-rs-img\" data-bg=\"p:center bottom;\" data-no-retina>\n<!---->\t\t\t\t\t\t<\/rs-slide>\n\t\t\t\t\t\t<rs-slide data-key=\"rs-21\" data-title=\"Discover\" data-thumb=\"\/\/istra-kart.com\/it\/wp-content\/uploads\/2024\/04\/slide_show_800_533-100x50.jpg\" data-anim=\"ms:1500;\" data-in=\"x:(100%);\" data-out=\"a:false;\">\n\t\t\t\t\t\t\t<img src=\"\/\/istra-kart.com\/it\/wp-content\/uploads\/2024\/04\/slide_show_800_533.jpg\" title=\"slide_show_800_533\" width=\"800\" height=\"533\" class=\"rev-slidebg tp-rs-img\" data-bg=\"p:center bottom;\" data-no-retina>\n<!---->\t\t\t\t\t\t<\/rs-slide>\n\t\t\t\t\t\t<rs-slide data-key=\"rs-22\" data-title=\"Discover\" data-thumb=\"\/\/istra-kart.com\/it\/wp-content\/uploads\/2025\/03\/grupa-100x50.jpg\" data-anim=\"ms:1500;\" data-in=\"o:0;x:(100%);\" data-out=\"a:false;\">\n\t\t\t\t\t\t\t<img src=\"\/\/istra-kart.com\/it\/wp-content\/uploads\/2025\/03\/grupa.jpg\" title=\"grupa\" width=\"1600\" height=\"1067\" class=\"rev-slidebg tp-rs-img\" data-bg=\"p:center bottom;\" data-no-retina>\n<!---->\t\t\t\t\t\t<\/rs-slide>\n\t\t\t\t\t\t<rs-slide data-key=\"rs-23\" data-title=\"Discover\" data-thumb=\"\/\/istra-kart.com\/it\/wp-content\/uploads\/2025\/03\/situacija-utrka-scaled-100x50.jpg\" data-anim=\"ms:1500;\" data-in=\"o:0;x:(100%);\" data-out=\"a:false;\">\n\t\t\t\t\t\t\t<img src=\"\/\/istra-kart.com\/it\/wp-content\/uploads\/2025\/03\/situacija-utrka-scaled.jpg\" title=\"situacija utrka\" width=\"2560\" height=\"1678\" class=\"rev-slidebg tp-rs-img\" data-bg=\"p:center bottom;\" data-no-retina>\n<!---->\t\t\t\t\t\t<\/rs-slide>\n\t\t\t\t\t<\/rs-slides>\n\t\t\t\t\t<rs-static-layers><!--\n\n\t\t\t\t\t\t\t--><rs-layer\n\t\t\t\t\t\t\t\tid=\"slider-5-slide-2-layer-1\" \n\t\t\t\t\t\t\t\tclass=\"tp-shape tp-shapewrapper rs-layer-static\"\n\t\t\t\t\t\t\t\tdata-type=\"shape\"\n\t\t\t\t\t\t\t\tdata-rsp_ch=\"on\"\n\t\t\t\t\t\t\t\tdata-xy=\"x:c;y:b;\"\n\t\t\t\t\t\t\t\tdata-text=\"fw:300;a:inherit;\"\n\t\t\t\t\t\t\t\tdata-dim=\"w:100%;h:120;\"\n\t\t\t\t\t\t\t\tdata-basealign=\"slide\"\n\t\t\t\t\t\t\t\tdata-onslides=\"s:1;\"\n\t\t\t\t\t\t\t\tdata-frame_0=\"tp:600;\"\n\t\t\t\t\t\t\t\tdata-frame_1=\"tp:600;st:0;\"\n\t\t\t\t\t\t\t\tdata-frame_999=\"o:0;tp:600;st:w;sR:2700;\"\n\t\t\t\t\t\t\t\tstyle=\"z-index:5;background-color:rgba(0,0,0,0.50);\"\n\t\t\t\t\t\t\t> \n\t\t\t\t\t\t\t<\/rs-layer><!--\n\n\t\t\t\t\t\t\t--><rs-layer\n\t\t\t\t\t\t\t\tid=\"slider-5-slide-2-layer-2\" \n\t\t\t\t\t\t\t\tclass=\"rs-layer-static\"\n\t\t\t\t\t\t\t\tdata-type=\"text\"\n\t\t\t\t\t\t\t\tdata-color=\"rgba(255,255,255,1)\"\n\t\t\t\t\t\t\t\tdata-rsp_ch=\"on\"\n\t\t\t\t\t\t\t\tdata-xy=\"x:c;y:m;yo:213px;\"\n\t\t\t\t\t\t\t\tdata-text=\"s:74;l:84;a:inherit;\"\n\t\t\t\t\t\t\t\tdata-basealign=\"slide\"\n\t\t\t\t\t\t\t\tdata-onslides=\"s:1;\"\n\t\t\t\t\t\t\t\tdata-frame_0=\"tp:600;\"\n\t\t\t\t\t\t\t\tdata-frame_1=\"tp:600;st:0;\"\n\t\t\t\t\t\t\t\tdata-frame_999=\"o:0;tp:600;st:w;sR:2700;\"\n\t\t\t\t\t\t\t\tstyle=\"z-index:6;font-family:Oregano;\"\n\t\t\t\t\t\t\t><i>Adrenaline is our business<\/i> \n\t\t\t\t\t\t\t<\/rs-layer><!--\n\t\t\t\t\t--><\/rs-static-layers>\n\t\t\t\t<\/rs-module>\n\t\t\t\t<script type=\"text\/javascript\">\n\t\t\t\t\tsetREVStartSize({c: 'rev_slider_5_1',rl:[1240,1240,778,480],el:[540,540,480,360],gw:[810,810,480,480],gh:[540,540,480,360],type:'carousel',justify:'',layout:'fullwidth',mh:\"0\"});\n\t\t\t\t\tvar\trevapi5,\n\t\t\t\t\t\ttpj;\n\t\t\t\t\tfunction revinit_revslider51() {\n\t\t\t\t\tjQuery(function() {\n\t\t\t\t\t\ttpj = jQuery;\n\t\t\t\t\t\trevapi5 = tpj(\"#rev_slider_5_1\");\n\t\t\t\t\t\tif(revapi5==undefined || revapi5.revolution == undefined){\n\t\t\t\t\t\t\trevslider_showDoubleJqueryError(\"rev_slider_5_1\");\n\t\t\t\t\t\t}else{\n\t\t\t\t\t\t\trevapi5.revolution({\n\t\t\t\t\t\t\t\tsliderType:\"carousel\",\n\t\t\t\t\t\t\t\tDPR:\"dpr\",\n\t\t\t\t\t\t\t\tsliderLayout:\"fullwidth\",\n\t\t\t\t\t\t\t\tduration:3000,\n\t\t\t\t\t\t\t\tvisibilityLevels:\"1240,1240,778,480\",\n\t\t\t\t\t\t\t\tgridwidth:\"810,810,480,480\",\n\t\t\t\t\t\t\t\tgridheight:\"540,540,480,360\",\n\t\t\t\t\t\t\t\tperspective:600,\n\t\t\t\t\t\t\t\tperspectiveType:\"local\",\n\t\t\t\t\t\t\t\teditorheight:\"540,720,480,360\",\n\t\t\t\t\t\t\t\tresponsiveLevels:\"1240,1240,778,480\",\n\t\t\t\t\t\t\t\tcarousel: {\n\t\t\t\t\t\t\t\t\tinfinity:true,\n\t\t\t\t\t\t\t\t\tvary_fade:true\n\t\t\t\t\t\t\t\t},\n\t\t\t\t\t\t\t\tprogressBar:{disableProgressBar:true},\n\t\t\t\t\t\t\t\tnavigation: {\n\t\t\t\t\t\t\t\t\tmouseScrollNavigation:false,\n\t\t\t\t\t\t\t\t\twheelCallDelay:1000,\n\t\t\t\t\t\t\t\t\tonHoverStop:false,\n\t\t\t\t\t\t\t\t\tarrows: {\n\t\t\t\t\t\t\t\t\t\tenable:true,\n\t\t\t\t\t\t\t\t\t\tstyle:\"persephone\",\n\t\t\t\t\t\t\t\t\t\tleft: {\n\n\t\t\t\t\t\t\t\t\t\t},\n\t\t\t\t\t\t\t\t\t\tright: {\n\n\t\t\t\t\t\t\t\t\t\t}\n\t\t\t\t\t\t\t\t\t}\n\t\t\t\t\t\t\t\t},\n\t\t\t\t\t\t\t\tfanim: {\n\t\t\t\t\t\t\t\t\tin:{\"o\":0},\n\t\t\t\t\t\t\t\t\tout:{\"a\":false},\n\t\t\t\t\t\t\t\t\tspeed:1000\n\t\t\t\t\t\t\t\t},\n\t\t\t\t\t\t\t\tfallbacks: {\n\t\t\t\t\t\t\t\t\tallowHTML5AutoPlayOnAndroid:true\n\t\t\t\t\t\t\t\t},\n\t\t\t\t\t\t\t});\n\t\t\t\t\t\t}\n\t\t\t\t\t\t\n\t\t\t\t\t});\n\t\t\t\t\t} \/\/ End of RevInitScript\n\t\t\t\tvar once_revslider51 = false;\n\t\t\t\tif (document.readyState === \"loading\") {document.addEventListener('readystatechange',function() { if((document.readyState === \"interactive\" || document.readyState === \"complete\") && !once_revslider51 ) { once_revslider51 = true; revinit_revslider51();}});} else {once_revslider51 = true; revinit_revslider51();}\n\t\t\t\t<\/script>\n\t\t\t\t<script>\n\t\t\t\t\tvar htmlDivCss = unescape(\"%40import%20url%28http%3A%2F%2Ffonts.googleapis.com%2Fcss%3Ffamily%3DRoboto%2BSlab%3A400%2C100%2C300%2C700%29%3B\");\n\t\t\t\t\tvar htmlDiv = document.getElementById('rs-plugin-settings-inline-css');\n\t\t\t\t\tif(htmlDiv) {\n\t\t\t\t\t\thtmlDiv.innerHTML = htmlDiv.innerHTML + htmlDivCss;\n\t\t\t\t\t}else{\n\t\t\t\t\t\tvar htmlDiv = document.createElement('div');\n\t\t\t\t\t\thtmlDiv.innerHTML = '<style>' + htmlDivCss + '<\/style>';\n\t\t\t\t\t\tdocument.getElementsByTagName('head')[0].appendChild(htmlDiv.childNodes[0]);\n\t\t\t\t\t}\n\t\t\t\t<\/script>\n\t\t\t\t<script>\n\t\t\t\t\tvar htmlDivCss = unescape(\"%23rev_slider_5_1_wrapper%20.persephone.tparrows%20%7B%0A%09cursor%3Apointer%3B%0A%09background%3Argba%28201%2C201%2C201%2C0.75%29%3B%0A%09width%3A40px%3B%0A%09height%3A40px%3B%0A%09position%3Aabsolute%3B%0A%09display%3Ablock%3B%0A%09z-index%3A1000%3B%0A%20%20%20%20border%3A1px%20solid%20%23ffffff%3B%0A%7D%0A%23rev_slider_5_1_wrapper%20.persephone.tparrows.rs-touchhover%20%7B%0A%09background%3A%23000000%3B%0A%7D%0A%23rev_slider_5_1_wrapper%20.persephone.tparrows%3Abefore%20%7B%0A%09font-family%3A%20%27revicons%27%3B%0A%09font-size%3A15px%3B%0A%09color%3A%20%23ffffff%3B%0A%09display%3Ablock%3B%0A%09line-height%3A%2040px%3B%0A%09text-align%3A%20center%3B%0A%7D%0A%23rev_slider_5_1_wrapper%20.persephone.tparrows.tp-leftarrow%3Abefore%20%7B%0A%09content%3A%20%27%5Ce824%27%3B%0A%7D%0A%23rev_slider_5_1_wrapper%20.persephone.tparrows.tp-rightarrow%3Abefore%20%7B%0A%09content%3A%20%27%5Ce825%0A%27%3B%0A%7D%0A%0A%0A\");\n\t\t\t\t\tvar htmlDiv = document.getElementById('rs-plugin-settings-inline-css');\n\t\t\t\t\tif(htmlDiv) {\n\t\t\t\t\t\thtmlDiv.innerHTML = htmlDiv.innerHTML + htmlDivCss;\n\t\t\t\t\t}else{\n\t\t\t\t\t\tvar htmlDiv = document.createElement('div');\n\t\t\t\t\t\thtmlDiv.innerHTML = '<style>' + htmlDivCss + '<\/style>';\n\t\t\t\t\t\tdocument.getElementsByTagName('head')[0].appendChild(htmlDiv.childNodes[0]);\n\t\t\t\t\t}\n\t\t\t\t<\/script>\n\t\t\t\t<script>\n\t\t\t\t\tvar htmlDivCss = unescape(\"%0A%0A%0A%0A%0A%0A%0A%0A\");\n\t\t\t\t\tvar htmlDiv = document.getElementById('rs-plugin-settings-inline-css');\n\t\t\t\t\tif(htmlDiv) {\n\t\t\t\t\t\thtmlDiv.innerHTML = htmlDiv.innerHTML + htmlDivCss;\n\t\t\t\t\t}else{\n\t\t\t\t\t\tvar htmlDiv = document.createElement('div');\n\t\t\t\t\t\thtmlDiv.innerHTML = '<style>' + htmlDivCss + '<\/style>';\n\t\t\t\t\t\tdocument.getElementsByTagName('head')[0].appendChild(htmlDiv.childNodes[0]);\n\t\t\t\t\t}\n\t\t\t\t<\/script>\n\t\t\t<\/rs-module-wrap>\n\t\t\t<!-- END REVOLUTION SLIDER -->\n[\/vc_column_text][\/vc_column][\/vc_row][vc_row full_width=&#8221;stretch_row&#8221; content_placement=&#8221;middle&#8221; css=&#8221;.vc_custom_1521637037904{padding-top: 5% !important;padding-bottom: 5% !important;background-image: url(http:\/\/istra-kart.com\/it\/wp-content\/uploads\/2016\/07\/carbon-podloga.jpg?id=812) !important;}&#8221; el_class=&#8221;section7&#8243; text_color=&#8221;#ffffff&#8221;][vc_column width=&#8221;1\/3&#8243;][vc_single_image image=&#8221;827&#8243; img_size=&#8221;450&#215;300&#8243; alignment=&#8221;center&#8221;][\/vc_column][vc_column width=&#8221;2\/3&#8243; el_class=&#8221;app&#8221;][vc_custom_heading text=&#8221;Il team building migliore in Istria!&#8221; font_container=&#8221;tag:h1|text_align:left&#8221; use_theme_fonts=&#8221;yes&#8221; el_class=&#8221;moto&#8221;][vc_column_text]Sviluppare un ambiente lavorativo sano richiede uno sforzo e miglioramento continuo. <strong> Il team building<\/strong> organizzato per l&#8217;ambiente lavorativo significa formare dei gruppi tra i quali \u00e8 possibile migliorare in modo interessante, semplice e divertente i rapporti umani che sono di importanza cruciale per il successo di ogni azienda.[\/vc_column_text][\/vc_column][\/vc_row][vc_row full_width=&#8221;stretch_row_content_no_spaces&#8221; content_placement=&#8221;middle&#8221; text_color=&#8221;#ffffff&#8221; el_class=&#8221;racing-line&#8221;][vc_column][vc_column_text css=&#8221;.vc_custom_1488882300427{margin-bottom: 0px !important;}&#8221;][\/vc_column_text][\/vc_column][\/vc_row][vc_row full_width=&#8221;stretch_row&#8221; content_placement=&#8221;middle&#8221; css=&#8221;.vc_custom_1521637049540{padding-top: 5% !important;padding-bottom: 5% !important;background-image: url(http:\/\/istra-kart.com\/it\/wp-content\/uploads\/2016\/07\/carbon-podloga.jpg?id=812) !important;}&#8221; el_class=&#8221;section7&#8243; text_color=&#8221;#ffffff&#8221;][vc_column width=&#8221;2\/3&#8243; el_class=&#8221;app&#8221;][vc_custom_heading text=&#8221;Gare con veicoli kart&#8221; font_container=&#8221;tag:h1|text_align:left&#8221; use_theme_fonts=&#8221;yes&#8221; el_class=&#8221;moto&#8221;][vc_column_text]<\/p>\n<p style=\"text-align: left;\">Da noi potete cimentarvi in <strong>gare vere<\/strong> e proprie di kart, organizzate prendendo spunto dai veri piloti di Formula 1. Tutti i partecipanti devono qualificarsi nelle gare di qualifica nella durata di cinque minuti e in base al tempo cronometrato viene composta la posizione start per la gara successiva che dura dieci minuti. La durata e il prezzo della gara dipendono dal numero di persone nel gruppo e dal tipo di bolide. Non esitate di contattarci e richiedere un&#8217;offerta senza impegni.<\/p>\n<p>[\/vc_column_text][\/vc_column][vc_column width=&#8221;1\/3&#8243;][vc_single_image image=&#8221;835&#8243; img_size=&#8221;450&#215;300&#8243; alignment=&#8221;center&#8221; css_animation=&#8221;appear&#8221;][\/vc_column][\/vc_row][vc_row full_width=&#8221;stretch_row&#8221; content_placement=&#8221;middle&#8221; parallax=&#8221;content-moving&#8221; parallax_speed_bg=&#8221;3&#8243; css=&#8221;.vc_custom_1521637062906{padding-top: 18% !important;padding-bottom: 18% !important;background-image: url(http:\/\/istra-kart.com\/it\/wp-content\/uploads\/2016\/07\/tb-2-4.jpg?id=707) !important;}&#8221; el_class=&#8221;section7&#8243; text_color=&#8221;#ffffff&#8221;][vc_column][\/vc_column][\/vc_row][vc_row full_width=&#8221;stretch_row&#8221; content_placement=&#8221;middle&#8221; css=&#8221;.vc_custom_1521637072634{padding-top: 5% !important;padding-bottom: 5% !important;background-image: url(http:\/\/istra-kart.com\/it\/wp-content\/uploads\/2016\/07\/carbon40-2.jpg?id=712) !important;}&#8221; el_class=&#8221;section7&#8243; text_color=&#8221;#ffffff&#8221;][vc_column width=&#8221;1\/3&#8243;][vc_single_image image=&#8221;836&#8243; img_size=&#8221;450&#215;300&#8243; alignment=&#8221;center&#8221; css_animation=&#8221;appear&#8221;][\/vc_column][vc_column width=&#8221;2\/3&#8243; el_class=&#8221;app&#8221;][vc_custom_heading text=&#8221;Ideale per tutti gli eventi in gruppo&#8221; font_container=&#8221;tag:h1|text_align:left&#8221; use_theme_fonts=&#8221;yes&#8221; el_class=&#8221;moto&#8221;][vc_column_text]<\/p>\n<p style=\"text-align: left;\">La nostra gamma di attivit\u00e0 e divertimento \u00e8 svariata, quindi sentitevi liberi di lasciare a noi la completa organizzazione e godete totalmente in tutte le attivit\u00e0 offerte da noi e i nostri partner.<\/p>\n<p style=\"text-align: left;\">Inoltre, la posizione e le dimensioni del MOTODROMO permettono di trascorrerci una giornata intera o mezza giornata. Il bar sportivo MOTODROMO Pore\u010d dispone di due grandi terrazzi dai quali \u00e8 possibile seguire ininterrottamente ogni corsa o gara. Saremo lieti di organizzare per voi il<br \/>\nbarbecue\/catering nel nostro giardino che si trova dietro al bar sportivo e accanto alla pista kart.<br \/>\nPer i gruppi ed eventi team building organizziamo, nell&#8217;ambiente rustico del nostro giardino, il barbecue preparato dal nostro cuoco di fiducia. Rilassatevi e godetevi i piatti deliziosi.<\/p>\n<p style=\"text-align: left;\">Per gli eventi di una giornata intera da noi si possono organizzare degustazioni di vino e olio d&#8217;oliva e l&#8217;intrattenimento serale indimenticabile con il programma di Karaoke o con i dee jay.<br \/>\nAbbiamo un approccio individuale per ogni cliente, agenzia o ditta e adattiamo l&#8217;offerta a seconda della grandezza del gruppo, del budget disponibile e altre richieste.<\/p>\n<p>[\/vc_column_text][\/vc_column][\/vc_row][vc_row full_width=&#8221;stretch_row_content_no_spaces&#8221; content_placement=&#8221;middle&#8221; text_color=&#8221;#ffffff&#8221; el_class=&#8221;racing-line&#8221;][vc_column][vc_column_text css=&#8221;.vc_custom_1488882300427{margin-bottom: 0px !important;}&#8221;][\/vc_column_text][\/vc_column][\/vc_row][vc_row full_width=&#8221;stretch_row&#8221; content_placement=&#8221;middle&#8221; css=&#8221;.vc_custom_1521637084089{padding-top: 5% !important;padding-bottom: 5% !important;background-image: url(http:\/\/istra-kart.com\/it\/wp-content\/uploads\/2016\/07\/carbon-podloga.jpg?id=812) !important;}&#8221; el_class=&#8221;section7&#8243; text_color=&#8221;#ffffff&#8221;][vc_column width=&#8221;2\/3&#8243; el_class=&#8221;app&#8221;][vc_custom_heading text=&#8221;Contattateci gi\u00e0 oggi!&#8221; font_container=&#8221;tag:h1|text_align:left&#8221; use_theme_fonts=&#8221;yes&#8221; el_class=&#8221;moto&#8221;][vc_column_text]<\/p>\n<p style=\"text-align: left;\"><strong>Rivolgetevi a noi<\/strong> con fiducia e permetteteci di organizzare con premura il vostro tempo libero, evento o team building.<\/p>\n<h3 style=\"text-align: left;\">Il vostro\u00a0MOTODROM team<\/h3>\n<p>[\/vc_column_text][\/vc_column][vc_column width=&#8221;1\/3&#8243;][vc_single_image image=&#8221;1657&#8243; img_size=&#8221;450&#215;300&#8243; alignment=&#8221;center&#8221; css_animation=&#8221;appear&#8221;][\/vc_column][\/vc_row][vc_row full_width=&#8221;stretch_row&#8221; content_placement=&#8221;middle&#8221; parallax=&#8221;content-moving&#8221; parallax_speed_bg=&#8221;5&#8243; css=&#8221;.vc_custom_1521637096420{padding-top: 35% !important;padding-bottom: 35% !important;background-image: url(http:\/\/istra-kart.com\/it\/wp-content\/uploads\/2016\/07\/kontakt-tb.jpg?id=725) !important;}&#8221; el_class=&#8221;section7&#8243; text_color=&#8221;#ffffff&#8221;][vc_column][\/vc_column][\/vc_row]<\/p>\n","protected":false},"excerpt":{"rendered":"<p>[vc_row full_width=&#8221;stretch_row_content_no_spaces&#8221; content_placement=&#8221;middle&#8221; text_color=&#8221;#ffffff&#8221;][vc_column][vc_column_text css=&#8221;.vc_custom_1488119097246{margin-bottom: 0px !important;}&#8221;][\/vc_column_text][\/vc_column][\/vc_row][vc_row full_width=&#8221;stretch_row&#8221; content_placement=&#8221;middle&#8221; css=&#8221;.vc_custom_1521637037904{padding-top: 5% !important;padding-bottom: 5% !important;background-image: url(http:\/\/istra-kart.com\/it\/wp-content\/uploads\/2016\/07\/carbon-podloga.jpg?id=812) !important;}&#8221; el_class=&#8221;section7&#8243; text_color=&#8221;#ffffff&#8221;][vc_column width=&#8221;1\/3&#8243;][vc_single_image image=&#8221;827&#8243; img_size=&#8221;450&#215;300&#8243; alignment=&#8221;center&#8221;][\/vc_column][vc_column width=&#8221;2\/3&#8243; el_class=&#8221;app&#8221;][vc_custom_heading text=&#8221;Il team building migliore in Istria!&#8221; font_container=&#8221;tag:h1|text_align:left&#8221; use_theme_fonts=&#8221;yes&#8221; el_class=&#8221;moto&#8221;][vc_column_text]Sviluppare un ambiente lavorativo sano richiede uno sforzo e miglioramento continuo. Il team building organizzato per l&#8217;ambiente lavorativo significa formare dei gruppi tra [&hellip;]<\/p>\n","protected":false},"author":1,"featured_media":0,"parent":0,"menu_order":0,"comment_status":"closed","ping_status":"closed","template":"","meta":[],"_links":{"self":[{"href":"https:\/\/istra-kart.com\/it\/wp-json\/wp\/v2\/pages\/278"}],"collection":[{"href":"https:\/\/istra-kart.com\/it\/wp-json\/wp\/v2\/pages"}],"about":[{"href":"https:\/\/istra-kart.com\/it\/wp-json\/wp\/v2\/types\/page"}],"author":[{"embeddable":true,"href":"https:\/\/istra-kart.com\/it\/wp-json\/wp\/v2\/users\/1"}],"replies":[{"embeddable":true,"href":"https:\/\/istra-kart.com\/it\/wp-json\/wp\/v2\/comments?post=278"}],"version-history":[{"count":127,"href":"https:\/\/istra-kart.com\/it\/wp-json\/wp\/v2\/pages\/278\/revisions"}],"predecessor-version":[{"id":1664,"href":"https:\/\/istra-kart.com\/it\/wp-json\/wp\/v2\/pages\/278\/revisions\/1664"}],"wp:attachment":[{"href":"https:\/\/istra-kart.com\/it\/wp-json\/wp\/v2\/media?parent=278"}],"curies":[{"name":"wp","href":"https:\/\/api.w.org\/{rel}","templated":true}]}}