{"id":1767,"date":"2025-03-20T11:39:36","date_gmt":"2025-03-20T10:39:36","guid":{"rendered":"https:\/\/istra-kart.com\/it\/?page_id=1767"},"modified":"2025-03-20T11:44:45","modified_gmt":"2025-03-20T10:44:45","slug":"padel","status":"publish","type":"page","link":"https:\/\/istra-kart.com\/it\/padel\/","title":{"rendered":"Padel"},"content":{"rendered":"<p>[vc_row full_width=&#8221;stretch_row&#8221; content_placement=&#8221;middle&#8221; css=&#8221;.vc_custom_1521637325751{padding-top: 5% !important;background-image: url(http:\/\/istra-kart.com\/it\/wp-content\/uploads\/2016\/07\/carbon-podloga.jpg?id=812) !important;}&#8221; el_class=&#8221;section7&#8243; text_color=&#8221;#ffffff&#8221;][vc_column el_class=&#8221;app&#8221;][vc_custom_heading text=&#8221;Padel&#8221; font_container=&#8221;tag:h1|text_align:left&#8221; use_theme_fonts=&#8221;yes&#8221; el_class=&#8221;moto&#8221;][vc_column_text]Benvenuti a Padel Pore\u010d, la destinazione ideale per tutti gli amanti del padel situata al Motodromo di<br \/>\nPore\u010d.<\/p>\n<p>La nostra struttura offre campi di alta qualit\u00e0, adatti a giocatori di tutti i livelli \u2013 dai principianti<br \/>\nagli atleti esperti. Che si tratti di una partita rilassante o di una sfida pi\u00f9 seria, Padel Pore\u010d offre<br \/>\nl&#8217;ambiente perfetto per godersi questo sport veloce ed emozionante. Grazie alla nostra comunit\u00e0<br \/>\nappassionata, uniamo tutti coloro che desiderano condividere l&#8217;amore per il padel e vivere<br \/>\nl&#8217;emozione del gioco. Venite a trovarci e godetevi il padel al massimo livello![\/vc_column_text][\/vc_column][\/vc_row][vc_row full_width=&#8221;stretch_row&#8221; content_placement=&#8221;middle&#8221; parallax=&#8221;content-moving&#8221; parallax_image=&#8221;1772&#8243; parallax_speed_bg=&#8221;3&#8243; css=&#8221;.vc_custom_1742467476131{padding-top: 5% !important;padding-bottom: 5% !important;background-image: url(http:\/\/moto.intraweb.co\/wp-content\/uploads\/2017\/03\/karting-porec.jpg?id=976) !important;}&#8221; el_class=&#8221;section7&#8243; text_color=&#8221;#ffffff&#8221;][vc_column width=&#8221;1\/2&#8243; css=&#8221;.vc_custom_1491212011232{margin-right: 1% !important;margin-left: 1% !important;padding-top: 16px !important;padding-bottom: 1% !important;}&#8221; addstyles=&#8221;background:rgba(0,0,0,0.8);&#8221;][vc_single_image image=&#8221;1771&#8243; img_size=&#8221;large&#8221; alignment=&#8221;center&#8221; css=&#8221;.vc_custom_1742467394994{margin-bottom: 20px !important;}&#8221;][\/vc_column][vc_column width=&#8221;1\/2&#8243; css=&#8221;.vc_custom_1491212017249{margin-right: 1% !important;margin-left: 1% !important;padding-top: 16px !important;padding-bottom: 1% !important;}&#8221; addstyles=&#8221;background:rgba(0,0,0,0.8);&#8221;][vc_single_image image=&#8221;1770&#8243; img_size=&#8221;large&#8221; alignment=&#8221;center&#8221; css=&#8221;.vc_custom_1742467405900{margin-bottom: 20px !important;}&#8221;][\/vc_column][\/vc_row][vc_row full_width=&#8221;stretch_row_content_no_spaces&#8221; content_placement=&#8221;middle&#8221; text_color=&#8221;#ffffff&#8221; el_class=&#8221;racing-line&#8221;][vc_column][vc_column_text css=&#8221;.vc_custom_1488882300427{margin-bottom: 0px !important;}&#8221;][\/vc_column_text][\/vc_column][\/vc_row][vc_row full_width=&#8221;stretch_row&#8221; content_placement=&#8221;middle&#8221; css=&#8221;.vc_custom_1521637336776{padding-top: 5% !important;padding-bottom: 5% !important;background-image: url(http:\/\/istra-kart.com\/it\/wp-content\/uploads\/2016\/07\/carbon-podloga.jpg?id=812) !important;}&#8221; el_class=&#8221;section7&#8243; text_color=&#8221;#ffffff&#8221;][vc_column width=&#8221;2\/3&#8243; el_class=&#8221;app&#8221;][vc_custom_heading text=&#8221;Contattateci gi\u00e0 oggi!&#8221; font_container=&#8221;tag:h1|text_align:left&#8221; use_theme_fonts=&#8221;yes&#8221; el_class=&#8221;moto&#8221;][vc_column_text]<\/p>\n<p style=\"text-align: left;\"><strong>Rivolgetevi a noi<\/strong>\u00a0con fiducia e permetteteci di organizzare con premura il vostro tempo libero,<br \/>\nevento o team building.<\/p>\n<h3 style=\"text-align: left;\">Il vostro\u00a0MOTODROM team<\/h3>\n<p>[\/vc_column_text][\/vc_column][vc_column width=&#8221;1\/3&#8243;][vc_single_image image=&#8221;1769&#8243; img_size=&#8221;450&#215;300&#8243; alignment=&#8221;center&#8221; css_animation=&#8221;appear&#8221;][\/vc_column][\/vc_row]<\/p>\n","protected":false},"excerpt":{"rendered":"<p>[vc_row full_width=&#8221;stretch_row&#8221; content_placement=&#8221;middle&#8221; css=&#8221;.vc_custom_1521637325751{padding-top: 5% !important;background-image: url(http:\/\/istra-kart.com\/it\/wp-content\/uploads\/2016\/07\/carbon-podloga.jpg?id=812) !important;}&#8221; el_class=&#8221;section7&#8243; text_color=&#8221;#ffffff&#8221;][vc_column el_class=&#8221;app&#8221;][vc_custom_heading text=&#8221;Padel&#8221; font_container=&#8221;tag:h1|text_align:left&#8221; use_theme_fonts=&#8221;yes&#8221; el_class=&#8221;moto&#8221;][vc_column_text]Benvenuti a Padel Pore\u010d, la destinazione ideale per tutti gli amanti del padel situata al Motodromo di Pore\u010d. La nostra struttura offre campi di alta qualit\u00e0, adatti a giocatori di tutti i livelli \u2013 dai principianti agli atleti esperti. Che si [&hellip;]<\/p>\n","protected":false},"author":1,"featured_media":0,"parent":0,"menu_order":0,"comment_status":"closed","ping_status":"closed","template":"","meta":[],"_links":{"self":[{"href":"https:\/\/istra-kart.com\/it\/wp-json\/wp\/v2\/pages\/1767"}],"collection":[{"href":"https:\/\/istra-kart.com\/it\/wp-json\/wp\/v2\/pages"}],"about":[{"href":"https:\/\/istra-kart.com\/it\/wp-json\/wp\/v2\/types\/page"}],"author":[{"embeddable":true,"href":"https:\/\/istra-kart.com\/it\/wp-json\/wp\/v2\/users\/1"}],"replies":[{"embeddable":true,"href":"https:\/\/istra-kart.com\/it\/wp-json\/wp\/v2\/comments?post=1767"}],"version-history":[{"count":2,"href":"https:\/\/istra-kart.com\/it\/wp-json\/wp\/v2\/pages\/1767\/revisions"}],"predecessor-version":[{"id":1773,"href":"https:\/\/istra-kart.com\/it\/wp-json\/wp\/v2\/pages\/1767\/revisions\/1773"}],"wp:attachment":[{"href":"https:\/\/istra-kart.com\/it\/wp-json\/wp\/v2\/media?parent=1767"}],"curies":[{"name":"wp","href":"https:\/\/api.w.org\/{rel}","templated":true}]}}