{"id":1726,"date":"2024-04-03T13:27:16","date_gmt":"2024-04-03T11:27:16","guid":{"rendered":"https:\/\/istra-kart.com\/it\/?page_id=1726"},"modified":"2025-05-12T12:47:10","modified_gmt":"2025-05-12T10:47:10","slug":"principale-traccia","status":"publish","type":"page","link":"https:\/\/istra-kart.com\/it\/principale-traccia\/","title":{"rendered":"Principale traccia"},"content":{"rendered":"<p>[vc_row full_width=&#8221;stretch_row&#8221; content_placement=&#8221;middle&#8221; css=&#8221;.vc_custom_1521636883354{padding-top: 5% !important;background-image: url(http:\/\/istra-kart.com\/it\/wp-content\/uploads\/2016\/07\/carbon-podloga.jpg?id=812) !important;}&#8221; el_class=&#8221;section7&#8243; text_color=&#8221;#ffffff&#8221;][vc_column el_class=&#8221;app&#8221;][vc_custom_heading text=&#8221;Racing fun for everyone&#8221; font_container=&#8221;tag:h1|text_align:left&#8221; use_theme_fonts=&#8221;yes&#8221; el_class=&#8221;moto&#8221;][vc_column_text]La nostra flotta (pi\u00f9 di 60 bolidi), scelta vasta e svariata di bolidi adatti a tutte le et\u00e0 e abilit\u00e0 del pilota.<\/p>\n<p>Le tariffe sottoriportate sono individuali <strong>per le corse di 10 minuti<\/strong> NON cronometrate[\/vc_column_text][\/vc_column][\/vc_row][vc_row full_width=&#8221;stretch_row&#8221; content_placement=&#8221;top&#8221; parallax=&#8221;content-moving&#8221; parallax_image=&#8221;984&#8243; parallax_speed_bg=&#8221;3&#8243; css=&#8221;.vc_custom_1525349423612{padding-top: 5% !important;padding-bottom: 5% !important;background-image: url(http:\/\/moto.intraweb.co\/wp-content\/uploads\/2017\/03\/karting-porec.jpg?id=976) !important;}&#8221; el_class=&#8221;section7&#8243; text_color=&#8221;#ffffff&#8221;][vc_column width=&#8221;1\/2&#8243; css=&#8221;.vc_custom_1491212011232{margin-right: 1% !important;margin-left: 1% !important;padding-top: 16px !important;padding-bottom: 1% !important;}&#8221; addstyles=&#8221;background:rgba(0,0,0,0.8);&#8221;][vc_single_image image=&#8221;1777&#8243; img_size=&#8221;large&#8221; alignment=&#8221;center&#8221; css=&#8221;.vc_custom_1747046394243{margin-bottom: 20px !important;}&#8221;][vc_custom_heading text=&#8221;9 ks&#8221; font_container=&#8221;tag:h2|text_align:center&#8221; use_theme_fonts=&#8221;yes&#8221; el_class=&#8221;horsepower&#8221;][vc_column_text]<\/p>\n<ul class=\"kart-list\">\n<li>cca. 60 km all&#8217;orra \/ 270 ccm<\/li>\n<li>dai 12 anni, principianti<\/li>\n<li>14 pezzi<\/li>\n<li><span style=\"color: #dc291a; font-size: 18px;\">prezzo 20 \u20ac<\/span><\/li>\n<\/ul>\n<p>[\/vc_column_text][vc_column_text el_class=&#8221;racing-line&#8221;][\/vc_column_text][vc_single_image image=&#8221;1779&#8243; img_size=&#8221;large&#8221; alignment=&#8221;center&#8221; css=&#8221;.vc_custom_1747046426166{margin-bottom: 20px !important;}&#8221;][vc_custom_heading text=&#8221;SuperKart&#8221; font_container=&#8221;tag:h2|text_align:center&#8221; use_theme_fonts=&#8221;yes&#8221; el_class=&#8221;horsepower&#8221;][vc_column_text]<\/p>\n<ul class=\"kart-list\">\n<li>cca. 100 all&#8217;orra \/ superkart<\/li>\n<li>dai 16 anni, piloti esperti<\/li>\n<li>15 pezzi Sodi RT8<\/li>\n<li><span style=\"color: #dc291a; font-size: 18px;\">prezzo 28 \u20ac<\/span><\/li>\n<\/ul>\n<p>[\/vc_column_text][\/vc_column][vc_column width=&#8221;1\/2&#8243; css=&#8221;.vc_custom_1491212017249{margin-right: 1% !important;margin-left: 1% !important;padding-top: 16px !important;padding-bottom: 1% !important;}&#8221; addstyles=&#8221;background:rgba(0,0,0,0.8);&#8221;][vc_single_image image=&#8221;1778&#8243; img_size=&#8221;large&#8221; alignment=&#8221;center&#8221; css=&#8221;.vc_custom_1747046407236{margin-bottom: 20px !important;}&#8221;][vc_custom_heading text=&#8221;13 ks&#8221; font_container=&#8221;tag:h2|text_align:center&#8221; use_theme_fonts=&#8221;yes&#8221; el_class=&#8221;horsepower&#8221;][vc_column_text]<\/p>\n<ul class=\"kart-list\">\n<li>cca. 75 km all&#8217;orra \/ 390 ccm<\/li>\n<li>dai 14 anni, piloti esperti<\/li>\n<li>15 pezzi<\/li>\n<li><span style=\"color: #dc291a; font-size: 18px;\">prezzo 25 \u20ac<\/span><\/li>\n<\/ul>\n<p>[\/vc_column_text][vc_column_text el_class=&#8221;racing-line&#8221;][\/vc_column_text][vc_single_image image=&#8221;1776&#8243; img_size=&#8221;large&#8221; alignment=&#8221;center&#8221;][vc_custom_heading text=&#8221;Biposto&#8221; font_container=&#8221;tag:h2|text_align:center&#8221; use_theme_fonts=&#8221;yes&#8221; el_class=&#8221;horsepower-border&#8221;][vc_column_text]<\/p>\n<ul class=\"kart-list\">\n<li>cca. 60 all&#8217;orra \/ 270ccm<\/li>\n<li>adulti e bambini accompagnati<\/li>\n<li>8 pezzi<\/li>\n<li><span style=\"color: #dc291a; font-size: 18px;\">prezzo 25 \u20ac\u00a0<\/span><\/li>\n<\/ul>\n<p>[\/vc_column_text][\/vc_column][\/vc_row][vc_row full_width=&#8221;stretch_row&#8221; content_placement=&#8221;middle&#8221; parallax=&#8221;content-moving&#8221; parallax_image=&#8221;984&#8243; parallax_speed_bg=&#8221;3&#8243; bg_type=&#8221;bg_color&#8221; ult_hide_row=&#8221;ult_hide_row_value&#8221; ult_hide_row_large_screen=&#8221;large_screen&#8221; ult_hide_row_desktop=&#8221;desktop&#8221; ult_hide_row_tablet=&#8221;tablet&#8221; ult_hide_row_tablet_small=&#8221;xs_tablet&#8221; ult_hide_row_mobile=&#8221;mobile&#8221; ult_hide_row_mobile_large=&#8221;xl_mobile&#8221; css=&#8221;.vc_custom_1525349395845{padding-top: 5% !important;padding-bottom: 5% !important;background-image: url(http:\/\/moto.intraweb.co\/wp-content\/uploads\/2017\/03\/karting-porec.jpg?id=976) !important;}&#8221; el_class=&#8221;section7&#8243; text_color=&#8221;#ffffff&#8221;][vc_column width=&#8221;1\/3&#8243; css=&#8221;.vc_custom_1491212011232{margin-right: 1% !important;margin-left: 1% !important;padding-top: 16px !important;padding-bottom: 1% !important;}&#8221; addstyles=&#8221;background:rgba(0,0,0,0.8);&#8221;][vc_single_image image=&#8221;1616&#8243; img_size=&#8221;large&#8221; alignment=&#8221;center&#8221; css=&#8221;.vc_custom_1519719130184{margin-bottom: 20px !important;}&#8221;][vc_custom_heading text=&#8221;9 ks&#8221; font_container=&#8221;tag:h2|text_align:center&#8221; use_theme_fonts=&#8221;yes&#8221; el_class=&#8221;horsepower&#8221;][vc_column_text]<\/p>\n<ul class=\"kart-list\">\n<li>cca. 70 km all&#8217;orra \/ 270 ccm<\/li>\n<li>dai 12 anni, principianti<\/li>\n<li>15 pezzi<\/li>\n<li><span style=\"color: #dc291a; font-size: 18px;\">prezzo 17 \u20ac (128,09 kn)<\/span><\/li>\n<\/ul>\n<p>[\/vc_column_text][vc_column_text el_class=&#8221;racing-line&#8221;][\/vc_column_text][vc_single_image image=&#8221;1617&#8243; img_size=&#8221;large&#8221; alignment=&#8221;center&#8221;][vc_custom_heading text=&#8221;Bambini&#8221; font_container=&#8221;tag:h2|text_align:center&#8221; use_theme_fonts=&#8221;yes&#8221; el_class=&#8221;horsepower-border&#8221;][vc_column_text]<\/p>\n<ul class=\"kart-list\">\n<li>cca. 45 all&#8217;orra \/ 4,5 CV<\/li>\n<li>dai 6 ai 12 anni<\/li>\n<li>10 pezzi<\/li>\n<li><span style=\"color: #dc291a; font-size: 18px;\">prezzo 12 \u20ac (90,41 kn)<\/span><\/li>\n<\/ul>\n<p>[\/vc_column_text][\/vc_column][vc_column width=&#8221;1\/3&#8243; css=&#8221;.vc_custom_1491212017249{margin-right: 1% !important;margin-left: 1% !important;padding-top: 16px !important;padding-bottom: 1% !important;}&#8221; addstyles=&#8221;background:rgba(0,0,0,0.8);&#8221;][vc_single_image image=&#8221;912&#8243; img_size=&#8221;large&#8221; alignment=&#8221;center&#8221; css=&#8221;.vc_custom_1490776774376{margin-bottom: 20px !important;}&#8221;][vc_custom_heading text=&#8221;13 ks&#8221; font_container=&#8221;tag:h2|text_align:center&#8221; use_theme_fonts=&#8221;yes&#8221; el_class=&#8221;horsepower&#8221;][vc_column_text]<\/p>\n<ul class=\"kart-list\">\n<li>cca. 90 km all&#8217;orra \/ 390 ccm<\/li>\n<li>dai 16 anni, piloti esperti<\/li>\n<li>15 pezzi<\/li>\n<li><span style=\"color: #dc291a; font-size: 18px;\">prezzo 22 \u20ac (165,76 kn)<\/span><\/li>\n<\/ul>\n<p>[\/vc_column_text][vc_column_text el_class=&#8221;racing-line&#8221;][\/vc_column_text][vc_single_image image=&#8221;1619&#8243; img_size=&#8221;large&#8221; alignment=&#8221;center&#8221;][vc_custom_heading text=&#8221;Biposto&#8221; font_container=&#8221;tag:h2|text_align:center&#8221; use_theme_fonts=&#8221;yes&#8221; el_class=&#8221;horsepower-border&#8221;][vc_column_text]<\/p>\n<ul class=\"kart-list\">\n<li>cca. 70 all&#8217;orra \/ 9 CV<\/li>\n<li>adulti e bambini accompagnati<\/li>\n<li>10 pezzi<\/li>\n<li><span style=\"color: #dc291a; font-size: 18px;\">prezzo 25 \u20ac (188,36 kn)<\/span><\/li>\n<\/ul>\n<p>[\/vc_column_text][\/vc_column][vc_column width=&#8221;1\/3&#8243; css=&#8221;.vc_custom_1491212022352{margin-right: 1% !important;margin-left: 1% !important;padding-top: 16px !important;padding-bottom: 1% !important;}&#8221; addstyles=&#8221;background:rgba(0,0,0,0.8);&#8221;][vc_single_image image=&#8221;1620&#8243; img_size=&#8221;large&#8221; alignment=&#8221;center&#8221; css=&#8221;.vc_custom_1519719162549{margin-bottom: 20px !important;}&#8221;][vc_custom_heading text=&#8221;SuperKart&#8221; font_container=&#8221;tag:h2|text_align:center&#8221; use_theme_fonts=&#8221;yes&#8221; el_class=&#8221;horsepower&#8221;][vc_column_text]<\/p>\n<ul class=\"kart-list\">\n<li>cca. 115 all&#8217;orra \/ 17 CV<\/li>\n<li>dai 18 anni, piloti esperti<\/li>\n<li>18 pezzi Sodi RT8<\/li>\n<li><span style=\"color: #dc291a; font-size: 18px;\">prezzo 25 \u20ac (188,36 kn)<\/span><\/li>\n<\/ul>\n<p>[\/vc_column_text][vc_column_text el_class=&#8221;racing-line&#8221;][\/vc_column_text][vc_single_image image=&#8221;900&#8243; img_size=&#8221;large&#8221; alignment=&#8221;center&#8221;][vc_custom_heading text=&#8221;Triposto&#8221; font_container=&#8221;tag:h2|text_align:center&#8221; use_theme_fonts=&#8221;yes&#8221; el_class=&#8221;horsepower-border&#8221;][vc_column_text]<\/p>\n<ul class=\"kart-list\">\n<li>cca. 70 all&#8217;orra \/ 9 CV<\/li>\n<li>kart per famiglie<\/li>\n<li>1 pezzo<\/li>\n<li><span style=\"color: #dc291a; font-size: 18px;\">prezzo 150,00 kn<\/span><\/li>\n<\/ul>\n<p>[\/vc_column_text][\/vc_column][\/vc_row][vc_row full_width=&#8221;stretch_row_content_no_spaces&#8221; content_placement=&#8221;middle&#8221; text_color=&#8221;#ffffff&#8221; el_class=&#8221;racing-line&#8221;][vc_column][vc_column_text css=&#8221;.vc_custom_1488882300427{margin-bottom: 0px !important;}&#8221;][\/vc_column_text][\/vc_column][\/vc_row][vc_row full_width=&#8221;stretch_row&#8221; content_placement=&#8221;middle&#8221; css=&#8221;.vc_custom_1521636896812{padding-top: 5% !important;padding-bottom: 5% !important;background-image: url(http:\/\/istra-kart.com\/it\/wp-content\/uploads\/2016\/07\/carbon-podloga.jpg?id=812) !important;}&#8221; el_class=&#8221;section7&#8243; text_color=&#8221;#ffffff&#8221;][vc_column width=&#8221;2\/3&#8243; el_class=&#8221;app&#8221;][vc_custom_heading text=&#8221;Contattateci gi\u00e0 oggi!&#8221; font_container=&#8221;tag:h1|text_align:left&#8221; use_theme_fonts=&#8221;yes&#8221; el_class=&#8221;moto&#8221;][vc_column_text]<\/p>\n<p style=\"text-align: left;\"><strong>Rivolgetevi a noi<\/strong> con fiducia e permetteteci di organizzare con premura il vostro tempo libero, evento o team building.<\/p>\n<h3 style=\"text-align: left;\">Il vostro MOTODROM team<\/h3>\n<p>[\/vc_column_text][\/vc_column][vc_column width=&#8221;1\/3&#8243;][vc_single_image image=&#8221;1781&#8243; img_size=&#8221;450&#215;300&#8243; alignment=&#8221;center&#8221; css_animation=&#8221;appear&#8221;][\/vc_column][\/vc_row]<\/p>\n","protected":false},"excerpt":{"rendered":"<p>[vc_row full_width=&#8221;stretch_row&#8221; content_placement=&#8221;middle&#8221; css=&#8221;.vc_custom_1521636883354{padding-top: 5% !important;background-image: url(http:\/\/istra-kart.com\/it\/wp-content\/uploads\/2016\/07\/carbon-podloga.jpg?id=812) !important;}&#8221; el_class=&#8221;section7&#8243; text_color=&#8221;#ffffff&#8221;][vc_column el_class=&#8221;app&#8221;][vc_custom_heading text=&#8221;Racing fun for everyone&#8221; font_container=&#8221;tag:h1|text_align:left&#8221; use_theme_fonts=&#8221;yes&#8221; el_class=&#8221;moto&#8221;][vc_column_text]La nostra flotta (pi\u00f9 di 60 bolidi), scelta vasta e svariata di bolidi adatti a tutte le et\u00e0 e abilit\u00e0 del pilota. Le tariffe sottoriportate sono individuali per le corse di 10 minuti NON cronometrate[\/vc_column_text][\/vc_column][\/vc_row][vc_row full_width=&#8221;stretch_row&#8221; content_placement=&#8221;top&#8221; parallax=&#8221;content-moving&#8221; [&hellip;]<\/p>\n","protected":false},"author":1,"featured_media":0,"parent":0,"menu_order":0,"comment_status":"closed","ping_status":"closed","template":"","meta":[],"_links":{"self":[{"href":"https:\/\/istra-kart.com\/it\/wp-json\/wp\/v2\/pages\/1726"}],"collection":[{"href":"https:\/\/istra-kart.com\/it\/wp-json\/wp\/v2\/pages"}],"about":[{"href":"https:\/\/istra-kart.com\/it\/wp-json\/wp\/v2\/types\/page"}],"author":[{"embeddable":true,"href":"https:\/\/istra-kart.com\/it\/wp-json\/wp\/v2\/users\/1"}],"replies":[{"embeddable":true,"href":"https:\/\/istra-kart.com\/it\/wp-json\/wp\/v2\/comments?post=1726"}],"version-history":[{"count":5,"href":"https:\/\/istra-kart.com\/it\/wp-json\/wp\/v2\/pages\/1726\/revisions"}],"predecessor-version":[{"id":1782,"href":"https:\/\/istra-kart.com\/it\/wp-json\/wp\/v2\/pages\/1726\/revisions\/1782"}],"wp:attachment":[{"href":"https:\/\/istra-kart.com\/it\/wp-json\/wp\/v2\/media?parent=1726"}],"curies":[{"name":"wp","href":"https:\/\/api.w.org\/{rel}","templated":true}]}}