{"id":1151,"date":"2017-05-30T13:20:12","date_gmt":"2017-05-30T11:20:12","guid":{"rendered":"http:\/\/moto.intraweb.co\/?page_id=1151"},"modified":"2023-06-13T14:30:44","modified_gmt":"2023-06-13T12:30:44","slug":"contatto","status":"publish","type":"page","link":"https:\/\/istra-kart.com\/it\/contatto\/","title":{"rendered":"Contatto"},"content":{"rendered":"<p>[vc_row full_width=&#8221;stretch_row&#8221; content_placement=&#8221;middle&#8221; css=&#8221;.vc_custom_1521637543296{padding-top: 20px !important;padding-bottom: 30px !important;background-image: url(http:\/\/istra-kart.com\/it\/wp-content\/uploads\/2016\/07\/carbon-podloga.jpg?id=812) !important;}&#8221; el_class=&#8221;section7&#8243; text_color=&#8221;#ffffff&#8221;][vc_column width=&#8221;1\/3&#8243;][vc_column_text css=&#8221;.vc_custom_1521637596082{padding-top: 50px !important;}&#8221; el_class=&#8221;kontakt-box&#8221;]<\/p>\n<h2 style=\"margin-bottom: 0px;\">Damir Meki\u0161<\/h2>\n<p><strong>General Manager<\/strong><\/p>\n<table class=\"flags\">\n<tbody>\n<tr>\n<th class=\"flag\"><img src=\"http:\/\/istra-kart.com\/wp-content\/uploads\/2017\/05\/HR.jpg\" \/><\/th>\n<th class=\"flag\"><img src=\"http:\/\/istra-kart.com\/wp-content\/uploads\/2017\/05\/DE.jpg\" \/><\/th>\n<th class=\"flag\"><img src=\"http:\/\/istra-kart.com\/wp-content\/uploads\/2017\/05\/SLO.jpg\" \/><\/th>\n<\/tr>\n<\/tbody>\n<\/table>\n<p>Cell.: <a href=\"tel:+38598290721\">+385 (0) 98\/290-721<\/a><br \/>\nE-mail: <a href=\"mailto:damir.mekis@gmail.com\">damir.mekis@gmail.com<\/a>[\/vc_column_text][\/vc_column][vc_column width=&#8221;1\/3&#8243;][vc_column_text css=&#8221;.vc_custom_1521637619809{padding-top: 50px !important;}&#8221;]<\/p>\n<h2 style=\"margin-bottom: 0px;\">Karin Meki\u0161<\/h2>\n<p><strong>Account Director\/Marketing<\/strong><\/p>\n<table class=\"flags\">\n<tbody>\n<tr>\n<th class=\"flag\"><img src=\"http:\/\/istra-kart.com\/wp-content\/uploads\/2017\/05\/DE.jpg\" \/><\/th>\n<th class=\"flag\"><img src=\"http:\/\/istra-kart.com\/wp-content\/uploads\/2017\/05\/EN.jpg\" \/><\/th>\n<th class=\"flag\"><img src=\"http:\/\/istra-kart.com\/wp-content\/uploads\/2017\/05\/HR.jpg\" \/><\/th>\n<\/tr>\n<\/tbody>\n<\/table>\n<p>Cell.: <a href=\"tel:+3859898296929 \">+385 (0) 98\/296-929<\/a><br \/>\nE-mail: <a href=\"mailto:info@istra-kart.com\">info@istra-kart.com<\/a>[\/vc_column_text][\/vc_column][vc_column width=&#8221;1\/3&#8243;][vc_column_text css=&#8221;.vc_custom_1521637637803{padding-top: 50px !important;}&#8221;]<\/p>\n<h2 style=\"margin-bottom: 0px;\">Ela Ben\u010di\u0107<\/h2>\n<p><strong>Event Manager\/Marketing<\/strong><\/p>\n<table class=\"flags\">\n<tbody>\n<tr>\n<th class=\"flag\"><img src=\"http:\/\/istra-kart.com\/wp-content\/uploads\/2017\/05\/HR.jpg\" \/><\/th>\n<th class=\"flag\"><img src=\"http:\/\/istra-kart.com\/wp-content\/uploads\/2017\/05\/EN.jpg\" \/><\/th>\n<th class=\"flag\"><img src=\"http:\/\/istra-kart.com\/wp-content\/uploads\/2017\/05\/IT.jpg\" \/><\/th>\n<\/tr>\n<\/tbody>\n<\/table>\n<p>Cell.: <a href=\"tel:+385998804908\">+385 (0) 99\/880-4908<\/a><br \/>\nE-mail: <a href=\"mailto:ela.bencic@istra-kart.com\">ela.bencic@istra-kart.com<\/a>[\/vc_column_text][\/vc_column][\/vc_row][vc_row full_width=&#8221;stretch_row_content_no_spaces&#8221; content_placement=&#8221;middle&#8221; text_color=&#8221;#ffffff&#8221; el_class=&#8221;racing-line&#8221;][vc_column][vc_column_text css=&#8221;.vc_custom_1488882300427{margin-bottom: 0px !important;}&#8221;][\/vc_column_text][\/vc_column][\/vc_row][vc_row full_width=&#8221;stretch_row&#8221; content_placement=&#8221;middle&#8221; css=&#8221;.vc_custom_1521637654720{padding-top: 60px !important;padding-bottom: 40px !important;background-image: url(http:\/\/istra-kart.com\/it\/wp-content\/uploads\/2016\/07\/carbon-podloga.jpg?id=812) !important;}&#8221; el_class=&#8221;section7&#8243; text_color=&#8221;#ffffff&#8221;][vc_column width=&#8221;1\/2&#8243;][vc_custom_heading text=&#8221;Dati sulla societ\u00e0&#8221; font_container=&#8221;tag:h1|text_align:left&#8221; use_theme_fonts=&#8221;yes&#8221;][vc_column_text]<strong>Istrakarting d.o.o. \/s.r.l.\/<\/strong><br \/>\nSede della societ\u00e0: Ba\u0161arinka 5, 52440 Pore\u010d<\/p>\n<p>Telefono\/fax.: <a href=\"tel:+38552456100\">+385(0)52 456 100<\/a><br \/>\nCell.: <a href=\"tel:+38598296929\">+385(0)98 296 929<\/a><br \/>\nE-mail: <a href=\"mailto:info@istra-kart.com\">info@istra-kart.com<\/a>[\/vc_column_text]<div id=\"modal-trg-txt-wrap-8631\" class=\"ult-modal-input-wrapper ult-adjust-bottom-margin  \"><img src=\"https:\/\/istra-kart.com\/it\/wp-content\/uploads\/2023\/06\/logo-myworld.png\" alt=\"null\" data-class-id=\"content-69d17b32536e8\" class=\"ult-modal-img overlay-show ult-align-left ult-modal-image-\" data-overlay-class=\"overlay-cornerbottomleft\"\/><\/div>\n<div class=\"ult-overlay content-69d17b32536e8 \" data-class=\"content-69d17b32536e8\" id=\"button-click-overlay\" style=\"background:rgba(51,51,51,0.8); display:none;\">\n\t<div class=\"ult_modal ult-fade ult-small\">\n\t\t<div id=\"ult-modal-wrap-2046\" class=\"ult_modal-content ult-hide\" style=\"border-style:solid;border-width:2px;border-radius:0px;border-color:#333333;\">\n\t\t\t<div class=\"ult_modal-header\" style=\"color:#333333;font-weight:bold;border-color:#333333;\">\n\t\t\t\t<h3  data-ultimate-target='#ult-modal-wrap-2046 .ult_modal-title'  data-responsive-json-new='{\"font-size\":\"desktop:18px;tablet:18px;tablet_portrait:18px;mobile_landscape:17px;mobile:17px;\",\"line-height\":\"\"}'  class=\"ult_modal-title ult-responsive\">Scarica l'app myWorld GRATUITA e risparmia!<\/h3>\n\t\t\t<\/div>\n\t\t\t<div  data-ultimate-target='#ult-modal-wrap-2046 .ult_modal-body'  data-responsive-json-new='{\"font-size\":\"desktop:15px;tablet:15px;tablet_portrait:15px;mobile_landscape:14px;mobile:14px;\",\"line-height\":\"\"}'  class=\"ult_modal-body ult-responsive ult-html\" style=\"color:#919191;\">\n\t\t\tMentre fai la spesa presso oltre 150.000 commercianti e ristoratori, a partire da Booking.com, AliExpress, Ebay, MotoGP e molti altri dove gi\u00e0 acquisti cibo, generi di prima necessit\u00e0, carburante, vestiti, scarpe, ecc. Controlla il tuo paese o qualsiasi altro paese cliccando su la ricerca nella parte alta dell&#8217;applicazione e poi premi i tre trattini a lato e seleziona il paese che ti interessa.<\/p>\n<p>Registrati in questo modo:<\/p>\n<ol>\n<li>Scansiona il codice QR sul tavolo o fai clic su questo link: <a href=\"https:\/\/www.myworld.com\/hr\/registration\/partner\/95301828\" target=\"_blank\" rel=\"noopener\">https:\/\/www.myworld.com\/hr\/registration\/partner\/95301828<\/a><\/li>\n<li>Inserisci le informazioni necessarie e conferma l&#8217;e-mail che hai ricevuto.<\/li>\n<li>Scarica l&#8217;applicazione myWorld dall&#8217;app store sul tuo cellulare e accedi con la stessa email e password e il gioco \u00e8 fatto! \ud83d\ude42<\/li>\n<li>Guarda un breve video che spiega come utilizzare l&#8217;app: <a href=\"https:\/\/www.youtube.com\/watch?v=jsyvSrBg2lE\" target=\"_blank\" rel=\"noopener\">https:\/\/www.youtube.com\/watch?v=jsyvSrBg2lE<\/a><\/li>\n<\/ol>\n<p>Se vedessi 2 euro sul pavimento, li raccoglieresti? Con l&#8217;applicazione myWorld, una famiglia pu\u00f2 risparmiare da 400,00 &#8211; 1.000,00 EUR all&#8217;anno!<\/p>\n<p>Quando scarichi l&#8217;app, scorri fino in fondo all&#8217;app e condividi il link di registrazione con la tua famiglia e i tuoi amici perch\u00e9 \u00e8 GRATUITO! \ud83d\ude42<\/p>\n<p><strong>Per altri dettagli, contatta l&#8217;ufficio myWorld nel tuo paese.<\/strong>\n\t\t\t<\/div>\n\t<\/div>\n\t<\/div>\n\t<div class=\"ult-overlay-close\">Close<\/div>\n<\/div>[\/vc_column][vc_column width=&#8221;1\/2&#8243;][vc_column_text]<div role=\"form\" class=\"wpcf7\" id=\"wpcf7-f383-o1\" lang=\"en-US\" dir=\"ltr\">\n<div class=\"screen-reader-response\"><p role=\"status\" aria-live=\"polite\" aria-atomic=\"true\"><\/p> <ul><\/ul><\/div>\n<form action=\"\/it\/wp-json\/wp\/v2\/pages\/1151#wpcf7-f383-o1\" method=\"post\" class=\"wpcf7-form init\" novalidate=\"novalidate\" data-status=\"init\">\n<div style=\"display: none;\">\n<input type=\"hidden\" name=\"_wpcf7\" value=\"383\" \/>\n<input type=\"hidden\" name=\"_wpcf7_version\" value=\"5.4.2\" \/>\n<input type=\"hidden\" name=\"_wpcf7_locale\" value=\"en_US\" \/>\n<input type=\"hidden\" name=\"_wpcf7_unit_tag\" value=\"wpcf7-f383-o1\" \/>\n<input type=\"hidden\" name=\"_wpcf7_container_post\" value=\"0\" \/>\n<input type=\"hidden\" name=\"_wpcf7_posted_data_hash\" value=\"\" \/>\n<\/div>\n<p><span class=\"wpcf7-form-control-wrap text-414\"><input type=\"text\" name=\"text-414\" value=\"\" size=\"40\" class=\"wpcf7-form-control wpcf7-text\" aria-invalid=\"false\" placeholder=\"Ime i prezime\" \/><\/span><\/p>\n<p><span class=\"wpcf7-form-control-wrap email-414\"><input type=\"text\" name=\"email-414\" value=\"\" size=\"40\" class=\"wpcf7-form-control wpcf7-text\" aria-invalid=\"false\" placeholder=\"E-mail\" \/><\/span><\/p>\n<p><span class=\"wpcf7-form-control-wrap textarea-698\"><textarea name=\"textarea-698\" cols=\"40\" rows=\"10\" class=\"wpcf7-form-control wpcf7-textarea\" aria-invalid=\"false\" placeholder=\"Poruka\"><\/textarea><\/span><\/p>\n<p><input type=\"submit\" value=\"PO\u0160ALJI PORUKU\" class=\"wpcf7-form-control wpcf7-submit\" \/><\/p>\n<div class=\"wpcf7-response-output\" aria-hidden=\"true\"><\/div><\/form><\/div>[\/vc_column_text][\/vc_column][\/vc_row][vc_row full_width=&#8221;stretch_row_content_no_spaces&#8221; content_placement=&#8221;middle&#8221; text_color=&#8221;#ffffff&#8221; el_class=&#8221;racing-line&#8221;][vc_column][vc_column_text css=&#8221;.vc_custom_1488882300427{margin-bottom: 0px !important;}&#8221;][\/vc_column_text][\/vc_column][\/vc_row][vc_row full_width=&#8221;stretch_row&#8221; content_placement=&#8221;middle&#8221; css=&#8221;.vc_custom_1521637666333{padding-top: 60px !important;padding-bottom: 40px !important;background-image: url(http:\/\/istra-kart.com\/it\/wp-content\/uploads\/2016\/07\/carbon-podloga.jpg?id=812) !important;}&#8221; el_class=&#8221;section7&#8243; text_color=&#8221;#ffffff&#8221;][vc_column width=&#8221;1\/2&#8243;][vc_custom_heading text=&#8221;Posizione di Motodroma Pore\u010d&#8221; font_container=&#8221;tag:h1|text_align:left&#8221; use_theme_fonts=&#8221;yes&#8221;][vc_column_text]<\/p>\n<h3 style=\"color: #fff;\">Strada prinicpale Pore\u010d \u2013 Tar (\u017d5002)<\/h3>\n<h3 style=\"margin-bottom: 10px;\">Coordinate GPS<\/h3>\n<p>N 45.279097<br \/>\nE 13.621248<\/p>\n<p><strong>Google Maps Link: <a href=\"https:\/\/goo.gl\/maps\/Zqh37XpfzDB2\" target=\"_blank\" rel=\"noopener\">45.279097, 13.621248<\/a><\/strong>[\/vc_column_text][\/vc_column][vc_column width=&#8221;1\/2&#8243;][vc_single_image image=&#8221;1359&#8243; img_size=&#8221;full&#8221;][\/vc_column][\/vc_row][vc_row full_width=&#8221;stretch_row_content&#8221; content_placement=&#8221;middle&#8221; css=&#8221;.vc_custom_1496143685242{background-image: url(http:\/\/moto.intraweb.co\/wp-content\/uploads\/2016\/07\/carbon-podloga.jpg?id=812) !important;}&#8221; text_color=&#8221;#ffffff&#8221;][vc_column el_class=&#8221;app&#8221;][vc_column_text]<iframe loading=\"lazy\" style=\"border: 0;\" src=\"https:\/\/www.google.com\/maps\/embed?pb=!1m17!1m11!1m3!1d56120.787274454786!2d13.659895315385388!3d45.27375352136279!2m2!1f0!2f0!3m2!1i1024!2i768!4f13.1!3m3!1m2!1s0x0%3A0x760874e218d4f4ad!2sMOTODROM+PORE%C4%8C!5e1!3m2!1sen!2sus!4v1496917808090\" width=\"100%\" height=\"500\" frameborder=\"0\" allowfullscreen=\"allowfullscreen\"><\/iframe>[\/vc_column_text][\/vc_column][\/vc_row]<\/p>\n","protected":false},"excerpt":{"rendered":"<p>[vc_row full_width=&#8221;stretch_row&#8221; content_placement=&#8221;middle&#8221; css=&#8221;.vc_custom_1521637543296{padding-top: 20px !important;padding-bottom: 30px !important;background-image: url(http:\/\/istra-kart.com\/it\/wp-content\/uploads\/2016\/07\/carbon-podloga.jpg?id=812) !important;}&#8221; el_class=&#8221;section7&#8243; text_color=&#8221;#ffffff&#8221;][vc_column width=&#8221;1\/3&#8243;][vc_column_text css=&#8221;.vc_custom_1521637596082{padding-top: 50px !important;}&#8221; el_class=&#8221;kontakt-box&#8221;] Damir Meki\u0161 General Manager Cell.: +385 (0) 98\/290-721 E-mail: damir.mekis@gmail.com[\/vc_column_text][\/vc_column][vc_column width=&#8221;1\/3&#8243;][vc_column_text css=&#8221;.vc_custom_1521637619809{padding-top: 50px !important;}&#8221;] Karin Meki\u0161 Account Director\/Marketing Cell.: +385 (0) 98\/296-929 E-mail: info@istra-kart.com[\/vc_column_text][\/vc_column][vc_column width=&#8221;1\/3&#8243;][vc_column_text css=&#8221;.vc_custom_1521637637803{padding-top: 50px !important;}&#8221;] Ela Ben\u010di\u0107 Event Manager\/Marketing Cell.: +385 (0) 99\/880-4908 E-mail: ela.bencic@istra-kart.com[\/vc_column_text][\/vc_column][\/vc_row][vc_row [&hellip;]<\/p>\n","protected":false},"author":1,"featured_media":0,"parent":0,"menu_order":0,"comment_status":"closed","ping_status":"closed","template":"","meta":[],"_links":{"self":[{"href":"https:\/\/istra-kart.com\/it\/wp-json\/wp\/v2\/pages\/1151"}],"collection":[{"href":"https:\/\/istra-kart.com\/it\/wp-json\/wp\/v2\/pages"}],"about":[{"href":"https:\/\/istra-kart.com\/it\/wp-json\/wp\/v2\/types\/page"}],"author":[{"embeddable":true,"href":"https:\/\/istra-kart.com\/it\/wp-json\/wp\/v2\/users\/1"}],"replies":[{"embeddable":true,"href":"https:\/\/istra-kart.com\/it\/wp-json\/wp\/v2\/comments?post=1151"}],"version-history":[{"count":50,"href":"https:\/\/istra-kart.com\/it\/wp-json\/wp\/v2\/pages\/1151\/revisions"}],"predecessor-version":[{"id":1699,"href":"https:\/\/istra-kart.com\/it\/wp-json\/wp\/v2\/pages\/1151\/revisions\/1699"}],"wp:attachment":[{"href":"https:\/\/istra-kart.com\/it\/wp-json\/wp\/v2\/media?parent=1151"}],"curies":[{"name":"wp","href":"https:\/\/api.w.org\/{rel}","templated":true}]}}