{"id":1015,"date":"2017-04-25T11:22:31","date_gmt":"2017-04-25T09:22:31","guid":{"rendered":"http:\/\/moto.intraweb.co\/?page_id=1015"},"modified":"2018-04-05T11:47:21","modified_gmt":"2018-04-05T09:47:21","slug":"chi-siamo","status":"publish","type":"page","link":"https:\/\/istra-kart.com\/it\/chi-siamo\/","title":{"rendered":"Chi siamo"},"content":{"rendered":"<p>[vc_row full_width=&#8221;stretch_row&#8221; content_placement=&#8221;middle&#8221; parallax=&#8221;content-moving&#8221; parallax_image=&#8221;1123&#8243; parallax_speed_bg=&#8221;3&#8243; css=&#8221;.vc_custom_1496139697264{padding-top: 200px !important;padding-bottom: 200px !important;background-image: url(http:\/\/moto.intraweb.co\/wp-content\/uploads\/2016\/07\/carbon-podloga.jpg?id=812) !important;}&#8221; text_color=&#8221;#ffffff&#8221;][vc_column el_class=&#8221;app&#8221;][vc_column_text css=&#8221;.vc_custom_1502790481459{padding-bottom: 25px !important;}&#8221;]<\/p>\n<p style=\"text-align: center;\"><span class=\"mojfont\" style=\"font-size: 64px;\"><em>Benvenuti sulle pagine web del Motodromo Pore\u010d.<\/em><\/span><\/p>\n<p>[\/vc_column_text][\/vc_column][\/vc_row][vc_row full_width=&#8221;stretch_row&#8221; content_placement=&#8221;middle&#8221; css=&#8221;.vc_custom_1521636826212{padding-top: 40px !important;padding-bottom: 20px !important;background-image: url(http:\/\/istra-kart.com\/it\/wp-content\/uploads\/2016\/07\/carbon-podloga.jpg?id=812) !important;}&#8221; el_class=&#8221;section7&#8243; text_color=&#8221;#ffffff&#8221;][vc_column el_class=&#8221;app&#8221;][vc_column_text]Il MOTODROMO Pore\u010d \u00e8 una delle migliori piste kart nella Croazia, costruita nel 1999 seguendo gli standard mondiali del motorsport. Offriamo un divertimento sicuro, eccitante e adrenalinico dedicato a persone individuali, famiglie e gruppi grandi ed eventi team building.[\/vc_column_text][vc_column_text]Siamo situati nella parte settentrionale di Pore\u010d, sulla strada principale Pore\u010d &#8211; Tar. Il Motodromo Pore\u010d soddisfa le aspettative dei propri visitatori con l&#8217;offerta sempre pi\u00f9 ricca di contenuti e servizi di qualit\u00e0.[\/vc_column_text][vc_column_text]Nelle immediate vicinanze della pista kart si trova il bar sportivo con due grandi terrazzi dai quali<br \/>\npotete seguire ogni corsa, gara o evento sportivo organizzato. Accanto all&#8217;unit\u00e0 ristorativa si trova un<br \/>\nbellissimo giardino nel quale potete rilassarvi nell&#8217;ombra dell&#8217;ambiente naturale.[\/vc_column_text][vc_column_text]Per i gruppi e per il team building organizziamo anche il barbecue nel giardino che prepara il nostro cuoco di fiducia.[\/vc_column_text][\/vc_column][\/vc_row][vc_row full_width=&#8221;stretch_row&#8221; content_placement=&#8221;middle&#8221; parallax=&#8221;content-moving&#8221; parallax_image=&#8221;1125&#8243; parallax_speed_bg=&#8221;3&#8243; css=&#8221;.vc_custom_1496139814774{padding-top: 250px !important;padding-bottom: 250px !important;background-image: url(http:\/\/moto.intraweb.co\/wp-content\/uploads\/2016\/07\/carbon-podloga.jpg?id=812) !important;}&#8221; text_color=&#8221;#ffffff&#8221;][vc_column el_class=&#8221;app&#8221;][\/vc_column][\/vc_row][vc_row full_width=&#8221;stretch_row_content_no_spaces&#8221; content_placement=&#8221;middle&#8221; text_color=&#8221;#ffffff&#8221; el_class=&#8221;racing-line&#8221;][vc_column][vc_column_text css=&#8221;.vc_custom_1488882300427{margin-bottom: 0px !important;}&#8221;][\/vc_column_text][\/vc_column][\/vc_row][vc_row full_width=&#8221;stretch_row&#8221; content_placement=&#8221;middle&#8221; css=&#8221;.vc_custom_1521636846561{padding-top: 5% !important;padding-bottom: 5% !important;background-image: url(http:\/\/istra-kart.com\/it\/wp-content\/uploads\/2016\/07\/carbon-podloga.jpg?id=812) !important;}&#8221; el_class=&#8221;section7&#8243; text_color=&#8221;#ffffff&#8221;][vc_column width=&#8221;2\/3&#8243; el_class=&#8221;app&#8221;][vc_custom_heading text=&#8221;Contattateci gi\u00e0 oggi!&#8221; font_container=&#8221;tag:h1|text_align:left&#8221; use_theme_fonts=&#8221;yes&#8221; el_class=&#8221;moto&#8221;][vc_column_text]<\/p>\n<p style=\"text-align: left;\"><strong>Rivolgetevi a noi<\/strong> con fiducia e permetteteci di organizzare con premura il vostro tempo libero, evento o team building.<\/p>\n<h3 style=\"text-align: left;\">Il vostro MOTODROM team<\/h3>\n<p>[\/vc_column_text][\/vc_column][vc_column width=&#8221;1\/3&#8243;][vc_single_image image=&#8221;1652&#8243; img_size=&#8221;450&#215;300&#8243; alignment=&#8221;center&#8221; css_animation=&#8221;appear&#8221;][\/vc_column][\/vc_row]<\/p>\n","protected":false},"excerpt":{"rendered":"<p>[vc_row full_width=&#8221;stretch_row&#8221; content_placement=&#8221;middle&#8221; parallax=&#8221;content-moving&#8221; parallax_image=&#8221;1123&#8243; parallax_speed_bg=&#8221;3&#8243; css=&#8221;.vc_custom_1496139697264{padding-top: 200px !important;padding-bottom: 200px !important;background-image: url(http:\/\/moto.intraweb.co\/wp-content\/uploads\/2016\/07\/carbon-podloga.jpg?id=812) !important;}&#8221; text_color=&#8221;#ffffff&#8221;][vc_column el_class=&#8221;app&#8221;][vc_column_text css=&#8221;.vc_custom_1502790481459{padding-bottom: 25px !important;}&#8221;] Benvenuti sulle pagine web del Motodromo Pore\u010d. [\/vc_column_text][\/vc_column][\/vc_row][vc_row full_width=&#8221;stretch_row&#8221; content_placement=&#8221;middle&#8221; css=&#8221;.vc_custom_1521636826212{padding-top: 40px !important;padding-bottom: 20px !important;background-image: url(http:\/\/istra-kart.com\/it\/wp-content\/uploads\/2016\/07\/carbon-podloga.jpg?id=812) !important;}&#8221; el_class=&#8221;section7&#8243; text_color=&#8221;#ffffff&#8221;][vc_column el_class=&#8221;app&#8221;][vc_column_text]Il MOTODROMO Pore\u010d \u00e8 una delle migliori piste kart nella Croazia, costruita nel 1999 seguendo gli standard mondiali [&hellip;]<\/p>\n","protected":false},"author":1,"featured_media":0,"parent":0,"menu_order":0,"comment_status":"closed","ping_status":"closed","template":"","meta":[],"_links":{"self":[{"href":"https:\/\/istra-kart.com\/it\/wp-json\/wp\/v2\/pages\/1015"}],"collection":[{"href":"https:\/\/istra-kart.com\/it\/wp-json\/wp\/v2\/pages"}],"about":[{"href":"https:\/\/istra-kart.com\/it\/wp-json\/wp\/v2\/types\/page"}],"author":[{"embeddable":true,"href":"https:\/\/istra-kart.com\/it\/wp-json\/wp\/v2\/users\/1"}],"replies":[{"embeddable":true,"href":"https:\/\/istra-kart.com\/it\/wp-json\/wp\/v2\/comments?post=1015"}],"version-history":[{"count":39,"href":"https:\/\/istra-kart.com\/it\/wp-json\/wp\/v2\/pages\/1015\/revisions"}],"predecessor-version":[{"id":1660,"href":"https:\/\/istra-kart.com\/it\/wp-json\/wp\/v2\/pages\/1015\/revisions\/1660"}],"wp:attachment":[{"href":"https:\/\/istra-kart.com\/it\/wp-json\/wp\/v2\/media?parent=1015"}],"curies":[{"name":"wp","href":"https:\/\/api.w.org\/{rel}","templated":true}]}}